{"id":5768,"date":"2020-10-11T19:33:26","date_gmt":"2020-10-11T17:33:26","guid":{"rendered":"https:\/\/buzzilic.fr\/mdarre\/?page_id=5768"},"modified":"2020-10-11T19:38:54","modified_gmt":"2020-10-11T17:38:54","slug":"nos-locaux","status":"publish","type":"page","link":"https:\/\/buzzilic.fr\/mdarre\/nos-locaux\/","title":{"rendered":"Nos locaux"},"content":{"rendered":"\t\t<div data-elementor-type=\"wp-page\" data-elementor-id=\"5768\" class=\"elementor elementor-5768\" data-elementor-settings=\"[]\">\n\t\t\t\t\t\t<div class=\"elementor-inner\">\n\t\t\t\t\t\t\t<div class=\"elementor-section-wrap\">\n\t\t\t\t\t\t\t<section class=\"elementor-section elementor-top-section elementor-element elementor-element-6679788 elementor-section-boxed elementor-section-height-default elementor-section-height-default\" data-id=\"6679788\" data-element_type=\"section\">\n\t\t\t\t\t\t<div class=\"elementor-container elementor-column-gap-default\">\n\t\t\t\t\t\t\t<div class=\"elementor-row\">\n\t\t\t\t\t<div class=\"elementor-column elementor-col-100 elementor-top-column elementor-element elementor-element-830f17f\" data-id=\"830f17f\" data-element_type=\"column\">\n\t\t\t<div class=\"elementor-column-wrap\">\n\t\t\t\t\t\t\t<div class=\"elementor-widget-wrap\">\n\t\t\t\t\t\t\t\t<\/div>\n\t\t\t\t\t<\/div>\n\t\t<\/div>\n\t\t\t\t\t\t\t\t<\/div>\n\t\t\t\t\t<\/div>\n\t\t<\/section>\n\t\t\t\t<section class=\"elementor-section elementor-top-section elementor-element elementor-element-51b8db6 elementor-section-boxed elementor-section-height-default elementor-section-height-default\" data-id=\"51b8db6\" data-element_type=\"section\">\n\t\t\t\t\t\t<div class=\"elementor-container elementor-column-gap-default\">\n\t\t\t\t\t\t\t<div class=\"elementor-row\">\n\t\t\t\t\t<div class=\"elementor-column elementor-col-100 elementor-top-column elementor-element elementor-element-0ea203b\" data-id=\"0ea203b\" data-element_type=\"column\">\n\t\t\t<div class=\"elementor-column-wrap elementor-element-populated\">\n\t\t\t\t\t\t\t<div class=\"elementor-widget-wrap\">\n\t\t\t\t\t\t<div class=\"elementor-element elementor-element-547ec01 elementor-widget elementor-widget-image-gallery\" data-id=\"547ec01\" data-element_type=\"widget\" data-widget_type=\"image-gallery.default\">\n\t\t\t\t<div class=\"elementor-widget-container\">\n\t\t\t\t\t<div class=\"elementor-image-gallery\">\n\t\t\t<div id='gallery-1' class='gallery galleryid-5768 gallery-columns-1 gallery-size-medium_large'><figure class='gallery-item'>\n\t\t\t<div class='gallery-icon landscape'>\n\t\t\t\t<a data-elementor-open-lightbox=\"yes\" data-elementor-lightbox-slideshow=\"547ec01\" data-elementor-lightbox-title=\"Le Cabinet\" href='https:\/\/buzzilic.fr\/mdarre\/wp-content\/uploads\/2020\/07\/cabinet1.jpg'><img width=\"768\" height=\"510\" src=\"https:\/\/buzzilic.fr\/mdarre\/wp-content\/uploads\/2020\/07\/cabinet1-768x510.jpg\" class=\"attachment-medium_large size-medium_large\" alt=\"Le Cabinet\" loading=\"lazy\" aria-describedby=\"gallery-1-5512\" srcset=\"https:\/\/buzzilic.fr\/mdarre\/wp-content\/uploads\/2020\/07\/cabinet1-768x510.jpg 768w, https:\/\/buzzilic.fr\/mdarre\/wp-content\/uploads\/2020\/07\/cabinet1-300x199.jpg 300w, https:\/\/buzzilic.fr\/mdarre\/wp-content\/uploads\/2020\/07\/cabinet1-1024x680.jpg 1024w, https:\/\/buzzilic.fr\/mdarre\/wp-content\/uploads\/2020\/07\/cabinet1.jpg 1200w\" sizes=\"(max-width: 768px) 100vw, 768px\" \/><\/a>\n\t\t\t<\/div>\n\t\t\t\t<figcaption class='wp-caption-text gallery-caption' id='gallery-1-5512'>\n\t\t\t\tCabinet\n\t\t\t\t<\/figcaption><\/figure><figure class='gallery-item'>\n\t\t\t<div class='gallery-icon landscape'>\n\t\t\t\t<a data-elementor-open-lightbox=\"yes\" data-elementor-lightbox-slideshow=\"547ec01\" data-elementor-lightbox-title=\"Le bureau\" href='https:\/\/buzzilic.fr\/mdarre\/wp-content\/uploads\/2020\/07\/cabinet4.jpg'><img width=\"768\" height=\"510\" src=\"https:\/\/buzzilic.fr\/mdarre\/wp-content\/uploads\/2020\/07\/cabinet4-768x510.jpg\" class=\"attachment-medium_large size-medium_large\" alt=\"Le bureau\" loading=\"lazy\" aria-describedby=\"gallery-1-5515\" srcset=\"https:\/\/buzzilic.fr\/mdarre\/wp-content\/uploads\/2020\/07\/cabinet4-768x510.jpg 768w, https:\/\/buzzilic.fr\/mdarre\/wp-content\/uploads\/2020\/07\/cabinet4-300x199.jpg 300w, https:\/\/buzzilic.fr\/mdarre\/wp-content\/uploads\/2020\/07\/cabinet4-1024x680.jpg 1024w, https:\/\/buzzilic.fr\/mdarre\/wp-content\/uploads\/2020\/07\/cabinet4.jpg 1200w\" sizes=\"(max-width: 768px) 100vw, 768px\" \/><\/a>\n\t\t\t<\/div>\n\t\t\t\t<figcaption class='wp-caption-text gallery-caption' id='gallery-1-5515'>\n\t\t\t\tLe bureau\n\t\t\t\t<\/figcaption><\/figure><figure class='gallery-item'>\n\t\t\t<div class='gallery-icon landscape'>\n\t\t\t\t<a data-elementor-open-lightbox=\"yes\" data-elementor-lightbox-slideshow=\"547ec01\" data-elementor-lightbox-title=\"Espace d&#039;\u00e9changes\" href='https:\/\/buzzilic.fr\/mdarre\/wp-content\/uploads\/2020\/07\/cabinet2.jpg'><img width=\"768\" height=\"510\" src=\"https:\/\/buzzilic.fr\/mdarre\/wp-content\/uploads\/2020\/07\/cabinet2-768x510.jpg\" class=\"attachment-medium_large size-medium_large\" alt=\"Espace d&#039;\u00e9changes\" loading=\"lazy\" aria-describedby=\"gallery-1-5513\" srcset=\"https:\/\/buzzilic.fr\/mdarre\/wp-content\/uploads\/2020\/07\/cabinet2-768x510.jpg 768w, https:\/\/buzzilic.fr\/mdarre\/wp-content\/uploads\/2020\/07\/cabinet2-300x199.jpg 300w, https:\/\/buzzilic.fr\/mdarre\/wp-content\/uploads\/2020\/07\/cabinet2-1024x680.jpg 1024w, https:\/\/buzzilic.fr\/mdarre\/wp-content\/uploads\/2020\/07\/cabinet2.jpg 1200w\" sizes=\"(max-width: 768px) 100vw, 768px\" \/><\/a>\n\t\t\t<\/div>\n\t\t\t\t<figcaption class='wp-caption-text gallery-caption' id='gallery-1-5513'>\n\t\t\t\tEspace d&rsquo;\u00e9changes\n\t\t\t\t<\/figcaption><\/figure><figure class='gallery-item'>\n\t\t\t<div class='gallery-icon landscape'>\n\t\t\t\t<a data-elementor-open-lightbox=\"yes\" data-elementor-lightbox-slideshow=\"547ec01\" data-elementor-lightbox-title=\"Salle d&#039;attente du c\u00f4t\u00e9 des petits\" href='https:\/\/buzzilic.fr\/mdarre\/wp-content\/uploads\/2020\/07\/cabinet5.jpg'><img width=\"768\" height=\"510\" src=\"https:\/\/buzzilic.fr\/mdarre\/wp-content\/uploads\/2020\/07\/cabinet5-768x510.jpg\" class=\"attachment-medium_large size-medium_large\" alt=\"Salle d&#039;attente du c\u00f4t\u00e9 des petits\" loading=\"lazy\" aria-describedby=\"gallery-1-5516\" srcset=\"https:\/\/buzzilic.fr\/mdarre\/wp-content\/uploads\/2020\/07\/cabinet5-768x510.jpg 768w, https:\/\/buzzilic.fr\/mdarre\/wp-content\/uploads\/2020\/07\/cabinet5-300x199.jpg 300w, https:\/\/buzzilic.fr\/mdarre\/wp-content\/uploads\/2020\/07\/cabinet5-1024x680.jpg 1024w, https:\/\/buzzilic.fr\/mdarre\/wp-content\/uploads\/2020\/07\/cabinet5.jpg 1200w\" sizes=\"(max-width: 768px) 100vw, 768px\" \/><\/a>\n\t\t\t<\/div>\n\t\t\t\t<figcaption class='wp-caption-text gallery-caption' id='gallery-1-5516'>\n\t\t\t\tSalle d&rsquo;attente du c\u00f4t\u00e9 des petits\n\t\t\t\t<\/figcaption><\/figure><figure class='gallery-item'>\n\t\t\t<div class='gallery-icon landscape'>\n\t\t\t\t<a data-elementor-open-lightbox=\"yes\" data-elementor-lightbox-slideshow=\"547ec01\" data-elementor-lightbox-title=\"Salle d&#039;attente du c\u00f4t\u00e9 des grands\" href='https:\/\/buzzilic.fr\/mdarre\/wp-content\/uploads\/2020\/07\/cabinet3.jpg'><img width=\"768\" height=\"510\" src=\"https:\/\/buzzilic.fr\/mdarre\/wp-content\/uploads\/2020\/07\/cabinet3-768x510.jpg\" class=\"attachment-medium_large size-medium_large\" alt=\"Salle d&#039;attente du c\u00f4t\u00e9 des grands\" loading=\"lazy\" aria-describedby=\"gallery-1-5514\" srcset=\"https:\/\/buzzilic.fr\/mdarre\/wp-content\/uploads\/2020\/07\/cabinet3-768x510.jpg 768w, https:\/\/buzzilic.fr\/mdarre\/wp-content\/uploads\/2020\/07\/cabinet3-300x199.jpg 300w, https:\/\/buzzilic.fr\/mdarre\/wp-content\/uploads\/2020\/07\/cabinet3-1024x680.jpg 1024w, https:\/\/buzzilic.fr\/mdarre\/wp-content\/uploads\/2020\/07\/cabinet3.jpg 1200w\" sizes=\"(max-width: 768px) 100vw, 768px\" \/><\/a>\n\t\t\t<\/div>\n\t\t\t\t<figcaption class='wp-caption-text gallery-caption' id='gallery-1-5514'>\n\t\t\t\tSalle d&rsquo;attente du c\u00f4t\u00e9 des grands\n\t\t\t\t<\/figcaption><\/figure>\n\t\t<\/div>\n\t\t<\/div>\n\t\t\t\t<\/div>\n\t\t\t\t<\/div>\n\t\t\t\t\t\t<\/div>\n\t\t\t\t\t<\/div>\n\t\t<\/div>\n\t\t\t\t\t\t\t\t<\/div>\n\t\t\t\t\t<\/div>\n\t\t<\/section>\n\t\t\t\t\t\t<\/div>\n\t\t\t\t\t\t<\/div>\n\t\t\t\t\t<\/div>\n\t\t","protected":false},"excerpt":{"rendered":"<p>Cabinet Le bureau Espace d&rsquo;\u00e9changes Salle d&rsquo;attente du c\u00f4t\u00e9 des petits Salle d&rsquo;attente du c\u00f4t\u00e9 des grands<\/p>\n","protected":false},"author":1,"featured_media":0,"parent":0,"menu_order":0,"comment_status":"closed","ping_status":"closed","template":"","meta":[],"_links":{"self":[{"href":"https:\/\/buzzilic.fr\/mdarre\/wp-json\/wp\/v2\/pages\/5768"}],"collection":[{"href":"https:\/\/buzzilic.fr\/mdarre\/wp-json\/wp\/v2\/pages"}],"about":[{"href":"https:\/\/buzzilic.fr\/mdarre\/wp-json\/wp\/v2\/types\/page"}],"author":[{"embeddable":true,"href":"https:\/\/buzzilic.fr\/mdarre\/wp-json\/wp\/v2\/users\/1"}],"replies":[{"embeddable":true,"href":"https:\/\/buzzilic.fr\/mdarre\/wp-json\/wp\/v2\/comments?post=5768"}],"version-history":[{"count":3,"href":"https:\/\/buzzilic.fr\/mdarre\/wp-json\/wp\/v2\/pages\/5768\/revisions"}],"predecessor-version":[{"id":5772,"href":"https:\/\/buzzilic.fr\/mdarre\/wp-json\/wp\/v2\/pages\/5768\/revisions\/5772"}],"wp:attachment":[{"href":"https:\/\/buzzilic.fr\/mdarre\/wp-json\/wp\/v2\/media?parent=5768"}],"curies":[{"name":"wp","href":"https:\/\/api.w.org\/{rel}","templated":true}]}}