{"id":5546,"date":"2020-08-30T12:06:39","date_gmt":"2020-08-30T10:06:39","guid":{"rendered":"http:\/\/buzzilic.fr\/mdarre\/?page_id=5546"},"modified":"2021-09-26T12:18:45","modified_gmt":"2021-09-26T10:18:45","slug":"home","status":"publish","type":"page","link":"https:\/\/buzzilic.fr\/mdarre\/","title":{"rendered":"Home"},"content":{"rendered":"\t\t<div data-elementor-type=\"wp-page\" data-elementor-id=\"5546\" class=\"elementor elementor-5546\" data-elementor-settings=\"[]\">\n\t\t\t\t\t\t<div class=\"elementor-inner\">\n\t\t\t\t\t\t\t<div class=\"elementor-section-wrap\">\n\t\t\t\t\t\t\t<section class=\"elementor-section elementor-top-section elementor-element elementor-element-64aca0d elementor-section-boxed elementor-section-height-default elementor-section-height-default\" data-id=\"64aca0d\" data-element_type=\"section\" data-settings=\"{&quot;background_background&quot;:&quot;classic&quot;}\">\n\t\t\t\t\t\t<div class=\"elementor-container elementor-column-gap-default\">\n\t\t\t\t\t\t\t<div class=\"elementor-row\">\n\t\t\t\t\t\t\t\t\t<\/div>\n\t\t\t\t\t<\/div>\n\t\t<\/section>\n\t\t\t\t<section class=\"elementor-section elementor-top-section elementor-element elementor-element-9e0ed2c elementor-section-boxed elementor-section-height-default elementor-section-height-default\" data-id=\"9e0ed2c\" data-element_type=\"section\" data-settings=\"{&quot;background_background&quot;:&quot;classic&quot;}\">\n\t\t\t\t\t\t<div class=\"elementor-container elementor-column-gap-default\">\n\t\t\t\t\t\t\t<div class=\"elementor-row\">\n\t\t\t\t\t<div class=\"elementor-column elementor-col-50 elementor-top-column elementor-element elementor-element-5b04357\" data-id=\"5b04357\" data-element_type=\"column\" data-settings=\"{&quot;background_background&quot;:&quot;classic&quot;}\">\n\t\t\t<div class=\"elementor-column-wrap elementor-element-populated\">\n\t\t\t\t\t\t\t<div class=\"elementor-widget-wrap\">\n\t\t\t\t\t\t<div class=\"elementor-element elementor-element-9d4b35d elementor-widget elementor-widget-heading\" data-id=\"9d4b35d\" data-element_type=\"widget\" data-widget_type=\"heading.default\">\n\t\t\t\t<div class=\"elementor-widget-container\">\n\t\t\t<h2 class=\"elementor-heading-title elementor-size-default\">Neuropsychologie pour enfants et adolescents<br>Sp\u00e9cialit\u00e9 en troubles neurod\u00e9veloppementaux<\/h2>\t\t<\/div>\n\t\t\t\t<\/div>\n\t\t\t\t<section class=\"elementor-section elementor-inner-section elementor-element elementor-element-87f6540 elementor-section-boxed elementor-section-height-default elementor-section-height-default\" data-id=\"87f6540\" data-element_type=\"section\">\n\t\t\t\t\t\t<div class=\"elementor-container elementor-column-gap-default\">\n\t\t\t\t\t\t\t<div class=\"elementor-row\">\n\t\t\t\t\t<div class=\"elementor-column elementor-col-50 elementor-inner-column elementor-element elementor-element-1776b74\" data-id=\"1776b74\" data-element_type=\"column\">\n\t\t\t<div class=\"elementor-column-wrap elementor-element-populated\">\n\t\t\t\t\t\t\t<div class=\"elementor-widget-wrap\">\n\t\t\t\t\t\t<div class=\"elementor-element elementor-element-ea3aae5 elementor-widget elementor-widget-text-editor\" data-id=\"ea3aae5\" data-element_type=\"widget\" data-widget_type=\"text-editor.default\">\n\t\t\t\t<div class=\"elementor-widget-container\">\n\t\t\t\t\t<div class=\"elementor-text-editor elementor-clearfix\"><p>Trouble d\u00e9ficitaire de l\u2019attention\/ Hyperactivit\u00e9<br \/>Trouble du spectre autistique<br \/>Troubles des apprentissages<br \/>Trouble du langage<\/p><\/div>\n\t\t\t\t<\/div>\n\t\t\t\t<\/div>\n\t\t\t\t\t\t<\/div>\n\t\t\t\t\t<\/div>\n\t\t<\/div>\n\t\t\t\t<div class=\"elementor-column elementor-col-50 elementor-inner-column elementor-element elementor-element-d46d948\" data-id=\"d46d948\" data-element_type=\"column\">\n\t\t\t<div class=\"elementor-column-wrap elementor-element-populated\">\n\t\t\t\t\t\t\t<div class=\"elementor-widget-wrap\">\n\t\t\t\t\t\t<div class=\"elementor-element elementor-element-bc43110 elementor-widget elementor-widget-text-editor\" data-id=\"bc43110\" data-element_type=\"widget\" data-widget_type=\"text-editor.default\">\n\t\t\t\t<div class=\"elementor-widget-container\">\n\t\t\t\t\t<div class=\"elementor-text-editor elementor-clearfix\"><p>Haut potentiel intellectuel<br \/>D\u00e9ficience intellectuelle<br \/>Syndrome g\u00e9n\u00e9tique<br \/>\u00c9pilepsie<\/p><\/div>\n\t\t\t\t<\/div>\n\t\t\t\t<\/div>\n\t\t\t\t\t\t<\/div>\n\t\t\t\t\t<\/div>\n\t\t<\/div>\n\t\t\t\t\t\t\t\t<\/div>\n\t\t\t\t\t<\/div>\n\t\t<\/section>\n\t\t\t\t\t\t<\/div>\n\t\t\t\t\t<\/div>\n\t\t<\/div>\n\t\t\t\t<div class=\"elementor-column elementor-col-50 elementor-top-column elementor-element elementor-element-b0f330e\" data-id=\"b0f330e\" data-element_type=\"column\">\n\t\t\t<div class=\"elementor-column-wrap elementor-element-populated\">\n\t\t\t\t\t\t\t<div class=\"elementor-widget-wrap\">\n\t\t\t\t\t\t<div class=\"elementor-element elementor-element-d956bde elementor-widget elementor-widget-image\" data-id=\"d956bde\" data-element_type=\"widget\" data-widget_type=\"image.default\">\n\t\t\t\t<div class=\"elementor-widget-container\">\n\t\t\t\t\t<div class=\"elementor-image\">\n\t\t\t\t\t\t\t\t\t\t<img width=\"300\" height=\"300\" src=\"https:\/\/buzzilic.fr\/mdarre\/wp-content\/uploads\/2020\/10\/accueil_origin-300x300.png\" class=\"attachment-medium size-medium\" alt=\"\" loading=\"lazy\" srcset=\"https:\/\/buzzilic.fr\/mdarre\/wp-content\/uploads\/2020\/10\/accueil_origin-300x300.png 300w, https:\/\/buzzilic.fr\/mdarre\/wp-content\/uploads\/2020\/10\/accueil_origin-150x150.png 150w, https:\/\/buzzilic.fr\/mdarre\/wp-content\/uploads\/2020\/10\/accueil_origin-75x75.png 75w, https:\/\/buzzilic.fr\/mdarre\/wp-content\/uploads\/2020\/10\/accueil_origin.png 450w\" sizes=\"(max-width: 300px) 100vw, 300px\" \/>\t\t\t\t\t\t\t\t\t\t\t<\/div>\n\t\t\t\t<\/div>\n\t\t\t\t<\/div>\n\t\t\t\t\t\t<\/div>\n\t\t\t\t\t<\/div>\n\t\t<\/div>\n\t\t\t\t\t\t\t\t<\/div>\n\t\t\t\t\t<\/div>\n\t\t<\/section>\n\t\t\t\t<section class=\"elementor-section elementor-top-section elementor-element elementor-element-3dc064e elementor-section-boxed elementor-section-height-default elementor-section-height-default\" data-id=\"3dc064e\" data-element_type=\"section\">\n\t\t\t\t\t\t<div class=\"elementor-container elementor-column-gap-default\">\n\t\t\t\t\t\t\t<div class=\"elementor-row\">\n\t\t\t\t\t<div class=\"elementor-column elementor-col-100 elementor-top-column elementor-element elementor-element-8ffcb4f\" data-id=\"8ffcb4f\" data-element_type=\"column\">\n\t\t\t<div class=\"elementor-column-wrap\">\n\t\t\t\t\t\t\t<div class=\"elementor-widget-wrap\">\n\t\t\t\t\t\t\t\t<\/div>\n\t\t\t\t\t<\/div>\n\t\t<\/div>\n\t\t\t\t\t\t\t\t<\/div>\n\t\t\t\t\t<\/div>\n\t\t<\/section>\n\t\t\t\t<section class=\"elementor-section elementor-top-section elementor-element elementor-element-0c7888f elementor-section-full_width elementor-section-height-default elementor-section-height-default\" data-id=\"0c7888f\" data-element_type=\"section\">\n\t\t\t\t\t\t<div class=\"elementor-container elementor-column-gap-default\">\n\t\t\t\t\t\t\t<div class=\"elementor-row\">\n\t\t\t\t\t<div class=\"elementor-column elementor-col-100 elementor-top-column elementor-element elementor-element-2448993\" data-id=\"2448993\" data-element_type=\"column\">\n\t\t\t<div class=\"elementor-column-wrap elementor-element-populated\">\n\t\t\t\t\t\t\t<div class=\"elementor-widget-wrap\">\n\t\t\t\t\t\t<div class=\"elementor-element elementor-element-7c4ef64 elementor-widget elementor-widget-spacer\" data-id=\"7c4ef64\" data-element_type=\"widget\" data-widget_type=\"spacer.default\">\n\t\t\t\t<div class=\"elementor-widget-container\">\n\t\t\t\t\t<div class=\"elementor-spacer\">\n\t\t\t<div class=\"elementor-spacer-inner\"><\/div>\n\t\t<\/div>\n\t\t\t\t<\/div>\n\t\t\t\t<\/div>\n\t\t\t\t<div class=\"elementor-element elementor-element-fd80427 elementor-widget elementor-widget-heading\" data-id=\"fd80427\" data-element_type=\"widget\" data-widget_type=\"heading.default\">\n\t\t\t\t<div class=\"elementor-widget-container\">\n\t\t\t<h2 class=\"elementor-heading-title elementor-size-default\">D\u00e9couvrez les lieux<\/h2>\t\t<\/div>\n\t\t\t\t<\/div>\n\t\t\t\t<div class=\"elementor-element elementor-element-53f2aa5 elementor-arrows-position-outside elementor-widget elementor-widget-image-carousel\" data-id=\"53f2aa5\" data-element_type=\"widget\" data-settings=\"{&quot;slides_to_show&quot;:&quot;1&quot;,&quot;navigation&quot;:&quot;arrows&quot;,&quot;autoplay&quot;:&quot;yes&quot;,&quot;pause_on_hover&quot;:&quot;yes&quot;,&quot;pause_on_interaction&quot;:&quot;yes&quot;,&quot;autoplay_speed&quot;:5000,&quot;infinite&quot;:&quot;yes&quot;,&quot;effect&quot;:&quot;slide&quot;,&quot;speed&quot;:500}\" data-widget_type=\"image-carousel.default\">\n\t\t\t\t<div class=\"elementor-widget-container\">\n\t\t\t\t\t<div class=\"elementor-image-carousel-wrapper swiper-container\" dir=\"ltr\">\n\t\t\t<div class=\"elementor-image-carousel swiper-wrapper swiper-image-stretch\">\n\t\t\t\t<div class=\"swiper-slide\"><a data-elementor-open-lightbox=\"yes\" data-elementor-lightbox-slideshow=\"53f2aa5\" data-elementor-lightbox-title=\"lecabinet\" href=\"https:\/\/buzzilic.fr\/mdarre\/nos-locaux\/\"><figure class=\"swiper-slide-inner\"><img class=\"swiper-slide-image\" src=\"https:\/\/buzzilic.fr\/mdarre\/wp-content\/uploads\/2020\/09\/lecabinet.jpg\" alt=\"Le cabinet\" \/><figcaption class=\"elementor-image-carousel-caption\">Le cabinet<\/figcaption><\/figure><\/a><\/div><div class=\"swiper-slide\"><a data-elementor-open-lightbox=\"yes\" data-elementor-lightbox-slideshow=\"53f2aa5\" data-elementor-lightbox-title=\"salledattentedesgrands\" href=\"https:\/\/buzzilic.fr\/mdarre\/nos-locaux\/\"><figure class=\"swiper-slide-inner\"><img class=\"swiper-slide-image\" src=\"https:\/\/buzzilic.fr\/mdarre\/wp-content\/uploads\/2020\/09\/salledattentedesgrands.jpg\" alt=\"La salle d&#039;attente du c\u00f4t\u00e9 des grands\" \/><figcaption class=\"elementor-image-carousel-caption\">La salle d'attente du c\u00f4t\u00e9 des grands<\/figcaption><\/figure><\/a><\/div><div class=\"swiper-slide\"><a data-elementor-open-lightbox=\"yes\" data-elementor-lightbox-slideshow=\"53f2aa5\" data-elementor-lightbox-title=\"salledattentedespetits\" href=\"https:\/\/buzzilic.fr\/mdarre\/nos-locaux\/\"><figure class=\"swiper-slide-inner\"><img class=\"swiper-slide-image\" src=\"https:\/\/buzzilic.fr\/mdarre\/wp-content\/uploads\/2020\/09\/salledattentedespetits.jpg\" alt=\"La salle d&#039;attente du c\u00f4t\u00e9 des petits\" \/><figcaption class=\"elementor-image-carousel-caption\">La salle d'attente du c\u00f4t\u00e9 des petits<\/figcaption><\/figure><\/a><\/div><div class=\"swiper-slide\"><a data-elementor-open-lightbox=\"yes\" data-elementor-lightbox-slideshow=\"53f2aa5\" data-elementor-lightbox-title=\"lebureau\" href=\"https:\/\/buzzilic.fr\/mdarre\/nos-locaux\/\"><figure class=\"swiper-slide-inner\"><img class=\"swiper-slide-image\" src=\"https:\/\/buzzilic.fr\/mdarre\/wp-content\/uploads\/2020\/09\/lebureau.jpg\" alt=\"Le bureau\" \/><figcaption class=\"elementor-image-carousel-caption\">Le bureau<\/figcaption><\/figure><\/a><\/div><div class=\"swiper-slide\"><a data-elementor-open-lightbox=\"yes\" data-elementor-lightbox-slideshow=\"53f2aa5\" data-elementor-lightbox-title=\"espaceechanges\" href=\"https:\/\/buzzilic.fr\/mdarre\/nos-locaux\/\"><figure class=\"swiper-slide-inner\"><img class=\"swiper-slide-image\" src=\"https:\/\/buzzilic.fr\/mdarre\/wp-content\/uploads\/2020\/09\/espaceechanges.jpg\" alt=\"L&#039;espace d&#039;\u00e9changes\" \/><figcaption class=\"elementor-image-carousel-caption\">L'espace d'\u00e9changes<\/figcaption><\/figure><\/a><\/div>\t\t\t<\/div>\n\t\t\t\t\t\t\t\t\t\t\t\t\t\t\t\t<div class=\"elementor-swiper-button elementor-swiper-button-prev\">\n\t\t\t\t\t\t<i class=\"eicon-chevron-left\" aria-hidden=\"true\"><\/i>\n\t\t\t\t\t\t<span class=\"elementor-screen-only\">Pr\u00e9c\u00e9dent<\/span>\n\t\t\t\t\t<\/div>\n\t\t\t\t\t<div class=\"elementor-swiper-button elementor-swiper-button-next\">\n\t\t\t\t\t\t<i class=\"eicon-chevron-right\" aria-hidden=\"true\"><\/i>\n\t\t\t\t\t\t<span class=\"elementor-screen-only\">Suivant<\/span>\n\t\t\t\t\t<\/div>\n\t\t\t\t\t\t\t\t\t<\/div>\n\t\t\t\t<\/div>\n\t\t\t\t<\/div>\n\t\t\t\t<div class=\"elementor-element elementor-element-0a87784 elementor-widget elementor-widget-spacer\" data-id=\"0a87784\" data-element_type=\"widget\" data-widget_type=\"spacer.default\">\n\t\t\t\t<div class=\"elementor-widget-container\">\n\t\t\t\t\t<div class=\"elementor-spacer\">\n\t\t\t<div class=\"elementor-spacer-inner\"><\/div>\n\t\t<\/div>\n\t\t\t\t<\/div>\n\t\t\t\t<\/div>\n\t\t\t\t<div class=\"elementor-element elementor-element-efd8977 elementor-widget elementor-widget-heading\" data-id=\"efd8977\" data-element_type=\"widget\" data-widget_type=\"heading.default\">\n\t\t\t\t<div class=\"elementor-widget-container\">\n\t\t\t<h2 class=\"elementor-heading-title elementor-size-default\">Les services propos\u00e9s<\/h2>\t\t<\/div>\n\t\t\t\t<\/div>\n\t\t\t\t\t\t<\/div>\n\t\t\t\t\t<\/div>\n\t\t<\/div>\n\t\t\t\t\t\t\t\t<\/div>\n\t\t\t\t\t<\/div>\n\t\t<\/section>\n\t\t\t\t<section class=\"elementor-section elementor-top-section elementor-element elementor-element-2fe845c elementor-section-boxed elementor-section-height-default elementor-section-height-default\" data-id=\"2fe845c\" data-element_type=\"section\">\n\t\t\t\t\t\t<div class=\"elementor-container elementor-column-gap-default\">\n\t\t\t\t\t\t\t<div class=\"elementor-row\">\n\t\t\t\t\t<div class=\"elementor-column elementor-col-50 elementor-top-column elementor-element elementor-element-1c33e6e\" data-id=\"1c33e6e\" data-element_type=\"column\" data-settings=\"{&quot;background_background&quot;:&quot;classic&quot;}\">\n\t\t\t<div class=\"elementor-column-wrap elementor-element-populated\">\n\t\t\t\t\t<div class=\"elementor-background-overlay\"><\/div>\n\t\t\t\t\t\t\t<div class=\"elementor-widget-wrap\">\n\t\t\t\t\t\t<div class=\"elementor-element elementor-element-a3a5f0d elementor-widget elementor-widget-heading\" data-id=\"a3a5f0d\" data-element_type=\"widget\" data-widget_type=\"heading.default\">\n\t\t\t\t<div class=\"elementor-widget-container\">\n\t\t\t<h2 class=\"elementor-heading-title elementor-size-default\"><a href=\"http:\/\/buzzilic.fr\/mdarre\/prestations-2\/\" target=\"_blank\">PRESTATIONS<\/a><\/h2>\t\t<\/div>\n\t\t\t\t<\/div>\n\t\t\t\t<div class=\"elementor-element elementor-element-5f1ca27 elementor-widget elementor-widget-image\" data-id=\"5f1ca27\" data-element_type=\"widget\" data-widget_type=\"image.default\">\n\t\t\t\t<div class=\"elementor-widget-container\">\n\t\t\t\t\t<div class=\"elementor-image\">\n\t\t\t\t\t\t\t\t\t\t\t<a href=\"http:\/\/buzzilic.fr\/mdarre\/prestations-2\/\">\n\t\t\t\t\t\t\t<img width=\"535\" height=\"535\" src=\"https:\/\/buzzilic.fr\/mdarre\/wp-content\/uploads\/2020\/04\/prises_charges.jpg\" class=\"attachment-large size-large\" alt=\"Prestations\" loading=\"lazy\" srcset=\"https:\/\/buzzilic.fr\/mdarre\/wp-content\/uploads\/2020\/04\/prises_charges.jpg 535w, https:\/\/buzzilic.fr\/mdarre\/wp-content\/uploads\/2020\/04\/prises_charges-300x300.jpg 300w, https:\/\/buzzilic.fr\/mdarre\/wp-content\/uploads\/2020\/04\/prises_charges-150x150.jpg 150w\" sizes=\"(max-width: 535px) 100vw, 535px\" \/>\t\t\t\t\t\t\t\t<\/a>\n\t\t\t\t\t\t\t\t\t\t\t<\/div>\n\t\t\t\t<\/div>\n\t\t\t\t<\/div>\n\t\t\t\t\t\t<\/div>\n\t\t\t\t\t<\/div>\n\t\t<\/div>\n\t\t\t\t<div class=\"elementor-column elementor-col-50 elementor-top-column elementor-element elementor-element-d111b3c\" data-id=\"d111b3c\" data-element_type=\"column\" data-settings=\"{&quot;background_background&quot;:&quot;classic&quot;}\">\n\t\t\t<div class=\"elementor-column-wrap elementor-element-populated\">\n\t\t\t\t\t<div class=\"elementor-background-overlay\"><\/div>\n\t\t\t\t\t\t\t<div class=\"elementor-widget-wrap\">\n\t\t\t\t\t\t<div class=\"elementor-element elementor-element-2fd5d4b elementor-widget elementor-widget-heading\" data-id=\"2fd5d4b\" data-element_type=\"widget\" data-widget_type=\"heading.default\">\n\t\t\t\t<div class=\"elementor-widget-container\">\n\t\t\t<h2 class=\"elementor-heading-title elementor-size-default\"><a href=\"http:\/\/buzzilic.fr\/mdarre\/bilans-new\/\" target=\"_blank\">BILANS<\/a><\/h2>\t\t<\/div>\n\t\t\t\t<\/div>\n\t\t\t\t<div class=\"elementor-element elementor-element-6913484 elementor-widget elementor-widget-image\" data-id=\"6913484\" data-element_type=\"widget\" data-widget_type=\"image.default\">\n\t\t\t\t<div class=\"elementor-widget-container\">\n\t\t\t\t\t<div class=\"elementor-image\">\n\t\t\t\t\t\t\t\t\t\t\t<a href=\"http:\/\/buzzilic.fr\/mdarre\/bilans-new\/\">\n\t\t\t\t\t\t\t<img width=\"535\" height=\"535\" src=\"https:\/\/buzzilic.fr\/mdarre\/wp-content\/uploads\/2020\/04\/bilans.jpg\" class=\"attachment-large size-large\" alt=\"\" loading=\"lazy\" srcset=\"https:\/\/buzzilic.fr\/mdarre\/wp-content\/uploads\/2020\/04\/bilans.jpg 535w, https:\/\/buzzilic.fr\/mdarre\/wp-content\/uploads\/2020\/04\/bilans-300x300.jpg 300w, https:\/\/buzzilic.fr\/mdarre\/wp-content\/uploads\/2020\/04\/bilans-150x150.jpg 150w\" sizes=\"(max-width: 535px) 100vw, 535px\" \/>\t\t\t\t\t\t\t\t<\/a>\n\t\t\t\t\t\t\t\t\t\t\t<\/div>\n\t\t\t\t<\/div>\n\t\t\t\t<\/div>\n\t\t\t\t\t\t<\/div>\n\t\t\t\t\t<\/div>\n\t\t<\/div>\n\t\t\t\t\t\t\t\t<\/div>\n\t\t\t\t\t<\/div>\n\t\t<\/section>\n\t\t\t\t\t\t<\/div>\n\t\t\t\t\t\t<\/div>\n\t\t\t\t\t<\/div>\n\t\t","protected":false},"excerpt":{"rendered":"<p>Neuropsychologie pour enfants et adolescents Sp\u00e9cialit\u00e9 en troubles neurod\u00e9veloppementaux Trouble d\u00e9ficitaire de l\u2019attention\/ Hyperactivit\u00e9 Trouble du spectre autistique Troubles des apprentissages Trouble du langage Haut potentiel intellectuel D\u00e9ficience intellectuelle Syndrome g\u00e9n\u00e9tique \u00c9pilepsie D\u00e9couvrez les lieux Le cabinet La salle d&rsquo;attente du c\u00f4t\u00e9 des grands La salle d&rsquo;attente du c\u00f4t\u00e9 des petits Le bureau L&rsquo;espace d&rsquo;\u00e9changes Pr\u00e9c\u00e9dent Suivant Les services propos\u00e9s PRESTATIONS BILANS<\/p>\n","protected":false},"author":1,"featured_media":0,"parent":0,"menu_order":0,"comment_status":"closed","ping_status":"closed","template":"","meta":[],"_links":{"self":[{"href":"https:\/\/buzzilic.fr\/mdarre\/wp-json\/wp\/v2\/pages\/5546"}],"collection":[{"href":"https:\/\/buzzilic.fr\/mdarre\/wp-json\/wp\/v2\/pages"}],"about":[{"href":"https:\/\/buzzilic.fr\/mdarre\/wp-json\/wp\/v2\/types\/page"}],"author":[{"embeddable":true,"href":"https:\/\/buzzilic.fr\/mdarre\/wp-json\/wp\/v2\/users\/1"}],"replies":[{"embeddable":true,"href":"https:\/\/buzzilic.fr\/mdarre\/wp-json\/wp\/v2\/comments?post=5546"}],"version-history":[{"count":70,"href":"https:\/\/buzzilic.fr\/mdarre\/wp-json\/wp\/v2\/pages\/5546\/revisions"}],"predecessor-version":[{"id":5782,"href":"https:\/\/buzzilic.fr\/mdarre\/wp-json\/wp\/v2\/pages\/5546\/revisions\/5782"}],"wp:attachment":[{"href":"https:\/\/buzzilic.fr\/mdarre\/wp-json\/wp\/v2\/media?parent=5546"}],"curies":[{"name":"wp","href":"https:\/\/api.w.org\/{rel}","templated":true}]}}