{"id":25,"date":"2016-11-27T18:08:33","date_gmt":"2016-11-27T17:08:33","guid":{"rendered":"http:\/\/buzzilic.fr\/mdarre\/?page_id=25"},"modified":"2020-09-20T17:44:12","modified_gmt":"2020-09-20T15:44:12","slug":"honoraires","status":"publish","type":"page","link":"https:\/\/buzzilic.fr\/mdarre\/honoraires\/","title":{"rendered":"Tarifs"},"content":{"rendered":"<h4 style=\"text-align: left;\">Consultation :&nbsp;40 \u20ac<\/h4>\n<p>Chaque consultation dure entre 45 minutes et 1 heure.<br \/>\nLors du premier rendez-vous, nous d\u00e9ciderons ensemble de la fr\u00e9quence du suivi, allant de 1 fois<br \/>\npar semaine \u00e0 1 fois par mois, en fonction de vos besoins et de vos attentes.<\/p>\n<h4 style=\"text-align: left;\">Bilans cognitifs et neuropsychologiques : &nbsp;180 \u20ac \u00e0 360\u20ac<\/h4>\n<h4 style=\"text-align: left;\">Bilan psycho-\u00e9ducatif PEP + Vineland&nbsp;(dans le cadre d\u2019un diagnostic autisme <strong>et au pr\u00e9alable de toute prise en charge des Troubles du Spectre Autistique<\/strong>) : &nbsp;250 \u20ac<\/h4>\n<p><em>Les s\u00e9ances ne sont pas rembours\u00e9es par la s\u00e9curit\u00e9 sociale, en revanche vous pouvez vous&nbsp;renseigner aupr\u00e8s de votre mutuelle, certaines peuvent prendre en charge une partie des&nbsp;consultations selon forfait. Une facture et\/ou attestation vous sera remise.<\/em><\/p>\n<p><em>La profession de Psychologue est r\u00e9glement\u00e9 par l&rsquo;Etat et respecte un code de d\u00e9ontologie qui vous&nbsp;assure le respect du secret professionnel.<\/em><br \/>\n<em>Le titre de psychologue est obtenue \u00e0 l&rsquo;issue d&rsquo;une&nbsp;formation Universitaire et de stages professionnalisant de 5 ann\u00e9es.<\/em><br \/>\n<em> Le psychologue poss\u00e8de un num\u00e9ro ADELI certifiant de leur dipl\u00f4me \u00e0 l&rsquo;Agence R\u00e9gionale de la&nbsp;Sant\u00e9.<\/em><br \/>\n<em> Mon num\u00e9ro ADELI est 829302173<\/em><\/p>\n","protected":false},"excerpt":{"rendered":"<p>Consultation :&nbsp;40 \u20ac Chaque consultation dure entre 45 minutes et 1 heure. Lors du premier rendez-vous, nous d\u00e9ciderons ensemble de la fr\u00e9quence du suivi, allant de 1 fois par semaine \u00e0 1 fois par mois, en fonction de vos besoins et de vos attentes. Bilans cognitifs et neuropsychologiques : &nbsp;180 \u20ac \u00e0 360\u20ac Bilan psycho-\u00e9ducatif PEP + Vineland&nbsp;(dans le cadre d\u2019un diagnostic autisme et au pr\u00e9alable de toute prise en charge des Troubles du Spectre Autistique) : &nbsp;250 \u20ac Les s\u00e9ances ne sont pas rembours\u00e9es par la s\u00e9curit\u00e9 sociale, en revanche vous pouvez vous&nbsp;renseigner aupr\u00e8s de votre mutuelle, certaines peuvent prendre en charge une partie des&nbsp;consultations selon forfait. Une facture et\/ou attestation vous sera remise. La profession de Psychologue est r\u00e9glement\u00e9 par l&rsquo;Etat et respecte un code de d\u00e9ontologie qui vous&nbsp;assure le respect du secret professionnel. Le titre de psychologue est obtenue \u00e0 l&rsquo;issue d&rsquo;une&nbsp;formation Universitaire et de stages professionnalisant de 5 ann\u00e9es. Le psychologue poss\u00e8de un num\u00e9ro ADELI certifiant de leur dipl\u00f4me \u00e0 l&rsquo;Agence R\u00e9gionale de la&nbsp;Sant\u00e9. Mon num\u00e9ro ADELI est 829302173<\/p>\n","protected":false},"author":1,"featured_media":5680,"parent":0,"menu_order":0,"comment_status":"closed","ping_status":"closed","template":"","meta":[],"_links":{"self":[{"href":"https:\/\/buzzilic.fr\/mdarre\/wp-json\/wp\/v2\/pages\/25"}],"collection":[{"href":"https:\/\/buzzilic.fr\/mdarre\/wp-json\/wp\/v2\/pages"}],"about":[{"href":"https:\/\/buzzilic.fr\/mdarre\/wp-json\/wp\/v2\/types\/page"}],"author":[{"embeddable":true,"href":"https:\/\/buzzilic.fr\/mdarre\/wp-json\/wp\/v2\/users\/1"}],"replies":[{"embeddable":true,"href":"https:\/\/buzzilic.fr\/mdarre\/wp-json\/wp\/v2\/comments?post=25"}],"version-history":[{"count":13,"href":"https:\/\/buzzilic.fr\/mdarre\/wp-json\/wp\/v2\/pages\/25\/revisions"}],"predecessor-version":[{"id":5508,"href":"https:\/\/buzzilic.fr\/mdarre\/wp-json\/wp\/v2\/pages\/25\/revisions\/5508"}],"wp:featuredmedia":[{"embeddable":true,"href":"https:\/\/buzzilic.fr\/mdarre\/wp-json\/wp\/v2\/media\/5680"}],"wp:attachment":[{"href":"https:\/\/buzzilic.fr\/mdarre\/wp-json\/wp\/v2\/media?parent=25"}],"curies":[{"name":"wp","href":"https:\/\/api.w.org\/{rel}","templated":true}]}}